{"id":1690,"date":"2024-06-06T08:48:00","date_gmt":"2024-06-06T08:48:00","guid":{"rendered":"https:\/\/qluacademy.org\/online-school\/?page_id=1690"},"modified":"2024-06-07T00:33:37","modified_gmt":"2024-06-07T00:33:37","slug":"es","status":"publish","type":"page","link":"https:\/\/qluacademy.org\/online-school\/es\/","title":{"rendered":"Escuela Online de Tiempo Completo"},"content":{"rendered":"<div id='av_section_1'  class='avia-section main_color avia-section-default avia-no-border-styling  avia-full-stretch avia-bg-style-scroll  avia-builder-el-0  el_before_av_section  avia-builder-el-first   av-small-hide av-mini-hide av-minimum-height av-minimum-height-100  container_wrap sidebar_right' style='background-repeat: no-repeat; background-image: url(https:\/\/qluacademy.org\/online-school\/wp-content\/uploads\/2020\/11\/graduating-qlu.png);background-attachment: scroll; background-position: center center;  '  data-section-bg-repeat='stretch' data-av_minimum_height_pc='100'><div class='container' ><main  role=\"main\" itemprop=\"mainContentOfPage\"  class='template-page content  av-content-small alpha units'><div class='post-entry post-entry-type-page post-entry-1690'><div class='entry-content-wrapper clearfix'><div class=\"flex_column av_one_third  flex_column_div av-zero-column-padding first  avia-builder-el-1  el_before_av_one_third  avia-builder-el-first  \" style='border-radius:0px; '><\/div><div class=\"flex_column av_one_third  flex_column_div   avia-builder-el-2  el_after_av_one_third  el_before_av_one_third  \" style='padding:300px 0px 0px 0px ; border-radius:0px; '><\/div><div class=\"flex_column av_one_third  flex_column_div av-zero-column-padding   avia-builder-el-4  el_after_av_one_third  avia-builder-el-last  \" style='border-radius:0px; '><\/div>\n<\/div><\/div><\/main><!-- close content main element --><\/div><\/div><div id='av_section_2'  class='avia-section main_color avia-section-default avia-no-border-styling  avia-full-stretch avia-bg-style-scroll  avia-builder-el-5  el_after_av_section  el_before_av_section   av-desktop-hide av-medium-hide av-minimum-height av-minimum-height-100  container_wrap sidebar_right' style='background-repeat: no-repeat; background-image: url(https:\/\/qluacademy.org\/online-school\/wp-content\/uploads\/2020\/12\/School-online-mobile.jpg);background-attachment: scroll; background-position: center center;  '  data-section-bg-repeat='stretch' data-av_minimum_height_pc='100'><div class='container' ><div class='template-page content  av-content-small alpha units'><div class='post-entry post-entry-type-page post-entry-1690'><div class='entry-content-wrapper clearfix'><div class=\"flex_column av_one_third  flex_column_div av-zero-column-padding first  avia-builder-el-6  el_before_av_one_third  avia-builder-el-first  \" style='border-radius:0px; '><\/div><div class=\"flex_column av_one_third  flex_column_div   avia-builder-el-7  el_after_av_one_third  el_before_av_one_third  \" style='padding:300px 0px 0px 0px ; border-radius:0px; '><\/div><div class=\"flex_column av_one_third  flex_column_div av-zero-column-padding   avia-builder-el-9  el_after_av_one_third  avia-builder-el-last  \" style='border-radius:0px; '><\/div>\n<\/div><\/div><\/div><!-- close content main div --><\/div><\/div><div id='av_section_3'  class='avia-section main_color avia-section-small avia-no-border-styling  avia-bg-style-scroll  avia-builder-el-10  el_after_av_section  el_before_av_layout_row   container_wrap sidebar_right' style='background-color: #717780;  '  ><div class='container' ><div class='template-page content  av-content-small alpha units'><div class='post-entry post-entry-type-page post-entry-1690'><div class='entry-content-wrapper clearfix'>\n<div  style='padding-bottom:0px; color:#ffffff;' class='av-special-heading av-special-heading-h1 custom-color-heading blockquote elegant-quote elegant-centered  avia-builder-el-11  avia-builder-el-no-sibling  '><h1 class='av-special-heading-tag '  itemprop=\"headline\"  ><span class=\"heading-wrap\">ESCUELA ONLINE DE LOS ESTADOS UNIDOS DESDE PANAMA<\/span><\/h1><div class='special-heading-border'><div class='special-heading-inner-border' style='border-color:#ffffff'><\/div><\/div><\/div>\n<\/div><\/div><\/div><!-- close content main div --><\/div><\/div><div id='av-layout-grid-1'  class='av-layout-grid-container entry-content-wrapper main_color av-fixed-cells     avia-builder-el-12  el_after_av_section  el_before_av_one_full  submenu-not-first container_wrap sidebar_right' style=' '  ><div class=\"flex_cell no_margin av_one_half  avia-builder-el-13  el_before_av_cell_one_half  avia-builder-el-first   \"  style='background: #0a3b87; vertical-align:top; padding:9px 0px 0px 0px ; background-color:#0a3b87; ' ><div class='flex_cell_inner' ><\/div><\/div><div class=\"flex_cell no_margin av_one_half  avia-builder-el-14  el_after_av_cell_one_half  avia-builder-el-last   \"  style='background: #4570b2; vertical-align:top; padding:9px 0px 0px 0px ; background-color:#4570b2; ' ><div class='flex_cell_inner' ><\/div><\/div><\/div><div id='after_submenu_1'  class='main_color av_default_container_wrap container_wrap sidebar_right' style=' '  ><div class='container' ><div class='template-page content  av-content-small alpha units'><div class='post-entry post-entry-type-page post-entry-1690'><div class='entry-content-wrapper clearfix'><\/p>\n<div class=\"flex_column av_one_full  flex_column_div av-zero-column-padding first  avia-builder-el-15  el_after_av_layout_row  el_before_av_one_half  avia-builder-el-first  \" style='border-radius:0px; '><div  class='avia-video avia-video-16-9   av-lazyload-immediate  av-lazyload-video-embed  '   itemprop=\"video\" itemtype=\"https:\/\/schema.org\/VideoObject\"  data-original_url='https:\/\/youtube.com\/watch?v=ofMFCAbtZVQ' ><script type='text\/html' class='av-video-tmpl'><div class='avia-iframe-wrap'><iframe title=\"QLU Academy\" width=\"1500\" height=\"844\" src=\"https:\/\/www.youtube.com\/embed\/ofMFCAbtZVQ?feature=oembed&autoplay=1&loop=1&controls=1&mute=1\" frameborder=\"0\" allow=\"accelerometer; autoplay; clipboard-write; encrypted-media; gyroscope; picture-in-picture\" allowfullscreen><\/iframe><\/div><\/script><div class='av-click-to-play-overlay'><div class=\"avia_playpause_icon\"><\/div><\/div><\/div><\/div>\n<div class=\"flex_column av_one_half  av-animated-generic left-to-right  flex_column_div av-zero-column-padding first  avia-builder-el-17  el_after_av_one_full  el_before_av_one_half  column-top-margin\" style='border-radius:0px; '><section class=\"av_textblock_section \"  itemscope=\"itemscope\" itemtype=\"https:\/\/schema.org\/CreativeWork\" ><div class='avia_textblock margen-inferior '   itemprop=\"text\" ><p style=\"text-align: justify;\"><img decoding=\"async\" class=\"alignleft wp-image-1647 size-thumbnail\" src=\"https:\/\/qluacademy.org\/online-school\/wp-content\/uploads\/2020\/12\/united-states-of-america-80x80.png\" alt=\"qlu online school\" width=\"80\" height=\"80\" srcset=\"https:\/\/qluacademy.org\/online-school\/wp-content\/uploads\/2020\/12\/united-states-of-america-80x80.png 80w, https:\/\/qluacademy.org\/online-school\/wp-content\/uploads\/2020\/12\/united-states-of-america-36x36.png 36w, https:\/\/qluacademy.org\/online-school\/wp-content\/uploads\/2020\/12\/united-states-of-america-180x180.png 180w, https:\/\/qluacademy.org\/online-school\/wp-content\/uploads\/2020\/12\/united-states-of-america.png 256w\" sizes=\"(max-width: 80px) 100vw, 80px\" \/><br \/><strong>QLU Virtual Academy<\/strong> te brinda la oportunidad de estudiar tiempo completo en una acreditada Escuela online de los Estados Unidos con el respaldo y asistencia de tutores, coaches de aprendizaje y consejeros acad\u00e9micos. Las colegiaturas son de $250 por mes para estudiantes de tiempo completo y de $100 para estudiantes de tiempo parcial.<\/p>\n<\/div><\/section><\/div>\n<div class=\"flex_column av_one_half  flex_column_div av-zero-column-padding   avia-builder-el-19  el_after_av_one_half  el_before_av_one_half  column-top-margin\" style='border-radius:0px; '><section class=\"av_textblock_section \"  itemscope=\"itemscope\" itemtype=\"https:\/\/schema.org\/CreativeWork\" ><div class='avia_textblock margen-inferior '   itemprop=\"text\" ><p style=\"text-align: justify;\"><img decoding=\"async\" class=\"alignleft wp-image-1651 size-full\" src=\"https:\/\/qluacademy.org\/online-school\/wp-content\/uploads\/2020\/12\/Imagen4.png\" alt=\"\" width=\"248\" height=\"79\" \/>Estudiantes de excelencia tambi\u00e9n pueden tomar cursos AP (Advanced Placement), los cuales son transferibles a Universidades de los Estados Unidos. Tambi\u00e9n pueden tomar una gran cantidad de cursos online electivos de su inter\u00e9s para complementar su educaci\u00f3n.<\/p>\n<\/div><\/section><\/div>\n<div class=\"flex_column av_one_half  flex_column_div av-zero-column-padding first  avia-builder-el-21  el_after_av_one_half  el_before_av_one_half  column-top-margin\" style='border-radius:0px; '><section class=\"av_textblock_section \"  itemscope=\"itemscope\" itemtype=\"https:\/\/schema.org\/CreativeWork\" ><div class='avia_textblock margen-inferior '   itemprop=\"text\" ><p><img decoding=\"async\" class=\"size-thumbnail wp-image-1645 alignleft\" src=\"https:\/\/qluacademy.org\/online-school\/wp-content\/uploads\/2020\/12\/Imagen2-80x80.png\" alt=\"qlu online school\" width=\"80\" height=\"80\" srcset=\"https:\/\/qluacademy.org\/online-school\/wp-content\/uploads\/2020\/12\/Imagen2-80x80.png 80w, https:\/\/qluacademy.org\/online-school\/wp-content\/uploads\/2020\/12\/Imagen2-36x36.png 36w\" sizes=\"(max-width: 80px) 100vw, 80px\" \/>Puedes estudiar desde casa o cualquier pa\u00eds donde te encuentres en un horario flexible que se acomoda a tus intereses y conveniencia.<\/p>\n<\/div><\/section><\/div>\n<div class=\"flex_column av_one_half  flex_column_div av-zero-column-padding   avia-builder-el-23  el_after_av_one_half  el_before_av_one_half  column-top-margin\" style='border-radius:0px; '><section class=\"av_textblock_section \"  itemscope=\"itemscope\" itemtype=\"https:\/\/schema.org\/CreativeWork\" ><div class='avia_textblock margen-inferior '   itemprop=\"text\" ><p><img loading=\"lazy\" decoding=\"async\" class=\"size-thumbnail wp-image-1616 alignleft\" src=\"https:\/\/qluacademy.org\/online-school\/wp-content\/uploads\/2020\/12\/The-Keystone-School-Diploma-Sample-80x80.png\" alt=\"\" width=\"80\" height=\"80\" srcset=\"https:\/\/qluacademy.org\/online-school\/wp-content\/uploads\/2020\/12\/The-Keystone-School-Diploma-Sample-80x80.png 80w, https:\/\/qluacademy.org\/online-school\/wp-content\/uploads\/2020\/12\/The-Keystone-School-Diploma-Sample-36x36.png 36w, https:\/\/qluacademy.org\/online-school\/wp-content\/uploads\/2020\/12\/The-Keystone-School-Diploma-Sample-180x180.png 180w\" sizes=\"(max-width: 80px) 100vw, 80px\" \/>Ofrecemos educaci\u00f3n de alta calidad a estudiantes desde 6to Grado a 12vo Grado. Los estudiantes reciben cr\u00e9ditos acad\u00e9micos y un diploma de secundaria de una prestigiosa y acreditada escuela de Pensilvania, USA.<\/p>\n<\/div><\/section><\/div>\n<div class=\"flex_column av_one_half  flex_column_div av-zero-column-padding first  avia-builder-el-25  el_after_av_one_half  el_before_av_one_half  column-top-margin\" style='border-radius:0px; '><section class=\"av_textblock_section \"  itemscope=\"itemscope\" itemtype=\"https:\/\/schema.org\/CreativeWork\" ><div class='avia_textblock margen-inferior '   itemprop=\"text\" ><p style=\"text-align: justify;\"><strong><img loading=\"lazy\" decoding=\"async\" class=\"size-medium wp-image-1652 alignleft dispo-movil\" src=\"https:\/\/qluacademy.org\/online-school\/wp-content\/uploads\/2020\/12\/Imagen5-300x77.jpg\" alt=\"\" width=\"300\" height=\"77\" srcset=\"https:\/\/qluacademy.org\/online-school\/wp-content\/uploads\/2020\/12\/Imagen5-300x77.jpg 300w, https:\/\/qluacademy.org\/online-school\/wp-content\/uploads\/2020\/12\/Imagen5.jpg 645w\" sizes=\"(max-width: 300px) 100vw, 300px\" \/><\/strong><\/p>\n<p><strong>QLU Virtual Academy<\/strong> cuenta con el respaldo de<strong> Quality Leadership University<\/strong>, universidad l\u00edder en la regi\u00f3n que ofrece programas de licenciatura y maestr\u00eda en convenio de doble titulaci\u00f3n con prestigiosas Universidades de los Estados Unidos. \u00a0QLU posee convenios con University of Louisville, Illinois State University, Notre Dame of Maryland University and University of South Florida.<\/p>\n<p style=\"text-align: justify;\"><strong>\u00a0<\/strong><\/p>\n<\/div><\/section><\/div>\n<div class=\"flex_column av_one_half  av-animated-generic left-to-right  flex_column_div av-zero-column-padding   avia-builder-el-27  el_after_av_one_half  el_before_av_one_fifth  column-top-margin\" style='border-radius:0px; '><section class=\"av_textblock_section \"  itemscope=\"itemscope\" itemtype=\"https:\/\/schema.org\/CreativeWork\" ><div class='avia_textblock  '   itemprop=\"text\" ><p><img loading=\"lazy\" decoding=\"async\" class=\"size-medium wp-image-1653 alignleft dispo-movil\" src=\"https:\/\/qluacademy.org\/online-school\/wp-content\/uploads\/2020\/12\/Imagen6-300x106.png\" alt=\"\" width=\"300\" height=\"106\" srcset=\"https:\/\/qluacademy.org\/online-school\/wp-content\/uploads\/2020\/12\/Imagen6-300x106.png 300w, https:\/\/qluacademy.org\/online-school\/wp-content\/uploads\/2020\/12\/Imagen6.png 401w\" sizes=\"(max-width: 300px) 100vw, 300px\" \/><\/p>\n<p>Los graduados del programa de <strong>QLU Virtual Academy<\/strong> son admisibles a muchas Universidades de los Estados Unidos y a los programas de licenciatura de QLU en Panam\u00e1. Los estudiantes de Segundo A\u00f1o de QLU pueden transferirse a University of Louisville y a University of South Florida pagando colegiatura de residente del estado, ahorrando a sus familias m\u00e1s de $80,000.00<\/p>\n<\/div><\/section><\/div>\n<div class=\"flex_column av_one_fifth  flex_column_div av-zero-column-padding first  avia-builder-el-29  el_after_av_one_half  el_before_av_three_fifth  column-top-margin\" style='border-radius:0px; '><\/div>\n<div class=\"flex_column av_three_fifth  flex_column_div av-zero-column-padding   avia-builder-el-30  el_after_av_one_fifth  el_before_av_one_fifth  column-top-margin\" style='border-radius:0px; '><section class=\"av_textblock_section \"  itemscope=\"itemscope\" itemtype=\"https:\/\/schema.org\/CreativeWork\" ><div class='avia_textblock  '   itemprop=\"text\" ><p><img loading=\"lazy\" decoding=\"async\" class=\"size-thumbnail wp-image-1649 alignleft\" src=\"https:\/\/qluacademy.org\/online-school\/wp-content\/uploads\/2020\/12\/Imagen3-80x80.png\" alt=\"\" width=\"80\" height=\"80\" srcset=\"https:\/\/qluacademy.org\/online-school\/wp-content\/uploads\/2020\/12\/Imagen3-80x80.png 80w, https:\/\/qluacademy.org\/online-school\/wp-content\/uploads\/2020\/12\/Imagen3-36x36.png 36w, https:\/\/qluacademy.org\/online-school\/wp-content\/uploads\/2020\/12\/Imagen3-180x180.png 180w\" sizes=\"(max-width: 80px) 100vw, 80px\" \/>Los estudiantes de secundaria de otras escuelas de Panam\u00e1 y de Latinoam\u00e9rica tienen la opci\u00f3n de obtener un diploma de secundaria adicional de una Escuela de los Estados Unidos a trav\u00e9s de tomar seis cursos online en el transcurso de sus 4-3-2 a\u00f1os de secundaria.<\/p>\n<\/div><\/section><\/div>\n<div class=\"flex_column av_one_fifth  flex_column_div av-zero-column-padding   avia-builder-el-32  el_after_av_three_fifth  el_before_av_section  avia-builder-el-last  column-top-margin\" style='border-radius:0px; '><\/div>\n<\/div><\/div><\/div><!-- close content main div --><\/div><\/div><div id='contac-qlu-school'  class='avia-section main_color avia-section-default avia-no-border-styling  avia-bg-style-scroll  avia-builder-el-33  el_after_av_one_fifth  avia-builder-el-last   container_wrap sidebar_right' style=' '  ><div class='container' ><div class='template-page content  av-content-small alpha units'><div class='post-entry post-entry-type-page post-entry-1690'><div class='entry-content-wrapper clearfix'><div class=\"flex_column av_one_fifth  flex_column_div av-zero-column-padding first  avia-builder-el-34  el_before_av_three_fifth  avia-builder-el-first  \" style='border-radius:0px; '><\/div><div class=\"flex_column av_three_fifth  flex_column_div av-zero-column-padding   avia-builder-el-35  el_after_av_one_fifth  el_before_av_one_fifth  \" style='background: #060193; background-color:#060193; border-radius:0px; '><\/div><div class=\"flex_column av_one_fifth  flex_column_div av-zero-column-padding   avia-builder-el-37  el_after_av_three_fifth  avia-builder-el-last  \" style='border-radius:0px; '><\/div><\/div><\/div><\/div><!-- close content main div --><\/div><\/div><div id='after_section_4'  class='main_color av_default_container_wrap container_wrap sidebar_right' style=' '  ><div class='container' ><div class='template-page content  av-content-small alpha units'><div class='post-entry post-entry-type-page post-entry-1690'><div class='entry-content-wrapper clearfix'>\n","protected":false},"excerpt":{"rendered":"","protected":false},"author":1,"featured_media":0,"parent":0,"menu_order":0,"comment_status":"closed","ping_status":"open","template":"","meta":{"footnotes":""},"class_list":["post-1690","page","type-page","status-publish","hentry"],"_links":{"self":[{"href":"https:\/\/qluacademy.org\/online-school\/wp-json\/wp\/v2\/pages\/1690","targetHints":{"allow":["GET"]}}],"collection":[{"href":"https:\/\/qluacademy.org\/online-school\/wp-json\/wp\/v2\/pages"}],"about":[{"href":"https:\/\/qluacademy.org\/online-school\/wp-json\/wp\/v2\/types\/page"}],"author":[{"embeddable":true,"href":"https:\/\/qluacademy.org\/online-school\/wp-json\/wp\/v2\/users\/1"}],"replies":[{"embeddable":true,"href":"https:\/\/qluacademy.org\/online-school\/wp-json\/wp\/v2\/comments?post=1690"}],"version-history":[{"count":20,"href":"https:\/\/qluacademy.org\/online-school\/wp-json\/wp\/v2\/pages\/1690\/revisions"}],"predecessor-version":[{"id":2908,"href":"https:\/\/qluacademy.org\/online-school\/wp-json\/wp\/v2\/pages\/1690\/revisions\/2908"}],"wp:attachment":[{"href":"https:\/\/qluacademy.org\/online-school\/wp-json\/wp\/v2\/media?parent=1690"}],"curies":[{"name":"wp","href":"https:\/\/api.w.org\/{rel}","templated":true}]}}